{"id":13,"date":"2024-09-28T13:07:56","date_gmt":"2024-09-28T13:07:56","guid":{"rendered":"https:\/\/natahuertascosmetologist.com\/?page_id=13"},"modified":"2025-01-26T16:03:47","modified_gmt":"2025-01-26T05:03:47","slug":"inicio","status":"publish","type":"page","link":"https:\/\/natahuertascosmetologist.com\/en\/","title":{"rendered":"HOME"},"content":{"rendered":"<div data-elementor-type=\"wp-page\" data-elementor-id=\"13\" class=\"elementor elementor-13\" data-elementor-post-type=\"page\">\n\t\t\t\t<div class=\"elementor-element elementor-element-undefined-f792166 e-con-full e-flex e-con e-parent\" data-id=\"undefined-f792166\" data-element_type=\"container\" data-e-type=\"container\" data-settings=\"{&quot;background_background&quot;:&quot;video&quot;,&quot;background_video_link&quot;:&quot;https:\\\/\\\/natahuertascosmetologist.com\\\/wp-content\\\/uploads\\\/2025\\\/01\\\/204077-923169390_small11.mp4&quot;}\">\n\t\t<div class=\"elementor-background-video-container elementor-hidden-mobile\">\n\t\t\t\t\t\t\t<video class=\"elementor-background-video-hosted\" role=\"presentation\" autoplay muted playsinline loop><\/video>\n\t\t\t\t\t<\/div><div class=\"elementor-element elementor-element-undefined-450c855 e-con-full e-flex e-con e-child\" data-id=\"undefined-450c855\" data-element_type=\"container\" data-e-type=\"container\">\n\t\t\t\t<div class=\"elementor-element elementor-element-bb45ea1 elementor-widget-tablet__width-initial elementor-invisible elementor-widget elementor-widget-video\" data-id=\"bb45ea1\" data-element_type=\"widget\" data-e-type=\"widget\" data-settings=\"{&quot;video_type&quot;:&quot;hosted&quot;,&quot;autoplay&quot;:&quot;yes&quot;,&quot;loop&quot;:&quot;yes&quot;,&quot;_animation&quot;:&quot;fadeInLeft&quot;,&quot;play_on_mobile&quot;:&quot;yes&quot;}\" data-widget_type=\"video.default\">\n\t\t\t\t\t\t\t<div class=\"e-hosted-video elementor-wrapper elementor-open-inline\">\n\t\t\t\t\t<video class=\"elementor-video\" src=\"https:\/\/natahuertascosmetologist.com\/wp-content\/uploads\/2024\/10\/RESERVA-AHORA.mp4\" autoplay=\"\" loop=\"\" playsinline=\"\" controlslist=\"nodownload\"><\/video>\n\t\t\t\t<\/div>\n\t\t\t\t\t\t<\/div>\n\t\t\t\t<\/div>\n\t\t<div class=\"elementor-element elementor-element-undefined-8019176 e-con-full e-flex e-con e-child\" data-id=\"undefined-8019176\" data-element_type=\"container\" data-e-type=\"container\">\n\t\t\t\t<div class=\"elementor-element elementor-element-undefined-21250d3 elementor-widget elementor-widget-heading\" data-id=\"undefined-21250d3\" data-element_type=\"widget\" data-e-type=\"widget\" data-widget_type=\"heading.default\">\n\t\t\t\t\t<h5 class=\"elementor-heading-title elementor-size-default\">Welcome to our Spa<\/h5>\t\t\t\t<\/div>\n\t\t\t\t<div class=\"elementor-element elementor-element-undefined-6be7124 elementor-widget elementor-widget-heading\" data-id=\"undefined-6be7124\" data-element_type=\"widget\" data-e-type=\"widget\" data-widget_type=\"heading.default\">\n\t\t\t\t\t<h2 class=\"elementor-heading-title elementor-size-default\">Highly professional treatments guaranteed.<\/h2>\t\t\t\t<\/div>\n\t\t\t\t<div class=\"elementor-element elementor-element-aca13ad elementor-widget elementor-widget-text-editor\" data-id=\"aca13ad\" data-element_type=\"widget\" data-e-type=\"widget\" data-widget_type=\"text-editor.default\">\n\t\t\t\t\t\t\t\t\t<p>Welcome to our oasis of tranquility, where every detail is designed for your relaxation and well-being. We offer a variety of personalized treatments that nourish the body and soul. Immerse yourself in a pleasant environment, ideal for disconnecting from daily stress and revitalizing yourself. Here, every visit is a unique experience, and we are dedicated to providing you with the best care possible.<\/p>\t\t\t\t\t\t\t\t<\/div>\n\t\t\t\t<div class=\"elementor-element elementor-element-8d62d9a elementor-align-center elementor-button-info elementor-widget elementor-widget-button\" data-id=\"8d62d9a\" data-element_type=\"widget\" data-e-type=\"widget\" data-widget_type=\"button.default\">\n\t\t\t\t\t\t\t\t\t\t<a class=\"elementor-button elementor-button-link elementor-size-sm elementor-animation-pulse\" href=\"https:\/\/natahuertascosmetologist.com\/en\/reservas\/\" target=\"_blank\">\n\t\t\t\t\t\t<span class=\"elementor-button-content-wrapper\">\n\t\t\t\t\t\t\t\t\t<span class=\"elementor-button-text\">BOOK NOW<\/span>\n\t\t\t\t\t<\/span>\n\t\t\t\t\t<\/a>\n\t\t\t\t\t\t\t\t<\/div>\n\t\t\t\t<\/div>\n\t\t\t\t<\/div>\n\t\t<div class=\"elementor-element elementor-element-undefined-5c3fed9 e-flex e-con-boxed e-con e-parent\" data-id=\"undefined-5c3fed9\" data-element_type=\"container\" data-e-type=\"container\" data-settings=\"{&quot;background_background&quot;:&quot;video&quot;,&quot;background_video_link&quot;:&quot;https:\\\/\\\/natahuertascosmetologist.com\\\/wp-content\\\/uploads\\\/2025\\\/01\\\/27669-365224683_small21.mp4&quot;,&quot;background_play_on_mobile&quot;:&quot;yes&quot;}\">\n\t\t\t\t\t<div class=\"e-con-inner\">\n\t\t<div class=\"elementor-background-video-container\">\n\t\t\t\t\t\t\t<video class=\"elementor-background-video-hosted\" role=\"presentation\" autoplay muted playsinline loop><\/video>\n\t\t\t\t\t<\/div><div class=\"elementor-element elementor-element-undefined-376be44 e-con-full e-flex e-con e-child\" data-id=\"undefined-376be44\" data-element_type=\"container\" data-e-type=\"container\">\n\t\t\t\t<div class=\"elementor-element elementor-element-undefined-a278542 elementor-widget__width-inherit elementor-widget elementor-widget-heading\" data-id=\"undefined-a278542\" data-element_type=\"widget\" data-e-type=\"widget\" data-widget_type=\"heading.default\">\n\t\t\t\t\t<h2 class=\"elementor-heading-title elementor-size-default\">SERVICES AND PACKAGES<\/h2>\t\t\t\t<\/div>\n\t\t\t\t<div class=\"elementor-element elementor-element-undefined-00378de elementor-widget elementor-widget-heading\" data-id=\"undefined-00378de\" data-element_type=\"widget\" data-e-type=\"widget\" data-widget_type=\"heading.default\">\n\t\t\t\t\t<h5 class=\"elementor-heading-title elementor-size-default\">Here we present a brief introduction to our main services.<\/h5>\t\t\t\t<\/div>\n\t\t\t\t<\/div>\n\t\t<div class=\"elementor-element elementor-element-undefined-47393c9 e-con-full e-flex e-con e-child\" data-id=\"undefined-47393c9\" data-element_type=\"container\" data-e-type=\"container\">\n\t\t\t\t<div class=\"elementor-element elementor-element-undefined-403287a elementor-widget-tablet__width-initial elementor-widget-mobile__width-inherit elementor-widget__width-initial elementor-position-top elementor-widget elementor-widget-image-box\" data-id=\"undefined-403287a\" data-element_type=\"widget\" data-e-type=\"widget\" data-widget_type=\"image-box.default\">\n\t\t\t\t\t<div class=\"elementor-image-box-wrapper\"><figure class=\"elementor-image-box-img\"><a href=\"https:\/\/natahuertascosmetologist.com\/en\/masajes-relajantes\/\" tabindex=\"-1\"><img fetchpriority=\"high\" decoding=\"async\" width=\"1280\" height=\"853\" src=\"https:\/\/natahuertascosmetologist.com\/wp-content\/uploads\/2024\/09\/massage-5578595_1280.webp\" class=\"elementor-animation-grow attachment-full size-full wp-image-195\" alt=\"\" srcset=\"https:\/\/natahuertascosmetologist.com\/wp-content\/uploads\/2024\/09\/massage-5578595_1280.webp 1280w, https:\/\/natahuertascosmetologist.com\/wp-content\/uploads\/2024\/09\/massage-5578595_1280-500x333.webp 500w, https:\/\/natahuertascosmetologist.com\/wp-content\/uploads\/2024\/09\/massage-5578595_1280-300x200.webp 300w, https:\/\/natahuertascosmetologist.com\/wp-content\/uploads\/2024\/09\/massage-5578595_1280-1024x682.webp 1024w, https:\/\/natahuertascosmetologist.com\/wp-content\/uploads\/2024\/09\/massage-5578595_1280-768x512.webp 768w\" sizes=\"(max-width: 1280px) 100vw, 1280px\" \/><\/a><\/figure><div class=\"elementor-image-box-content\"><h4 class=\"elementor-image-box-title\"><a href=\"https:\/\/natahuertascosmetologist.com\/en\/masajes-relajantes\/\">Relaxing Massages<\/a><\/h4><p class=\"elementor-image-box-description\">Enjoy a massage that relieves tension, improves circulation and provides a feeling of deep relaxation.<\/p><\/div><\/div>\t\t\t\t<\/div>\n\t\t\t\t<div class=\"elementor-element elementor-element-undefined-2c62dfd elementor-widget-tablet__width-initial elementor-widget-mobile__width-inherit elementor-widget__width-initial elementor-position-top elementor-widget elementor-widget-image-box\" data-id=\"undefined-2c62dfd\" data-element_type=\"widget\" data-e-type=\"widget\" data-widget_type=\"image-box.default\">\n\t\t\t\t\t<div class=\"elementor-image-box-wrapper\"><figure class=\"elementor-image-box-img\"><a href=\"https:\/\/natahuertascosmetologist.com\/en\/depilacion-laser\/\" target=\"_blank\" tabindex=\"-1\"><img decoding=\"async\" width=\"1920\" height=\"1176\" src=\"https:\/\/natahuertascosmetologist.com\/wp-content\/uploads\/2024\/09\/beneficios-de-la-depilacion-laser-e1650118888828.webp\" class=\"elementor-animation-grow attachment-full size-full wp-image-132\" alt=\"\" srcset=\"https:\/\/natahuertascosmetologist.com\/wp-content\/uploads\/2024\/09\/beneficios-de-la-depilacion-laser-e1650118888828.webp 1920w, https:\/\/natahuertascosmetologist.com\/wp-content\/uploads\/2024\/09\/beneficios-de-la-depilacion-laser-e1650118888828-500x306.webp 500w, https:\/\/natahuertascosmetologist.com\/wp-content\/uploads\/2024\/09\/beneficios-de-la-depilacion-laser-e1650118888828-300x184.webp 300w, https:\/\/natahuertascosmetologist.com\/wp-content\/uploads\/2024\/09\/beneficios-de-la-depilacion-laser-e1650118888828-1024x627.webp 1024w, https:\/\/natahuertascosmetologist.com\/wp-content\/uploads\/2024\/09\/beneficios-de-la-depilacion-laser-e1650118888828-768x470.webp 768w, https:\/\/natahuertascosmetologist.com\/wp-content\/uploads\/2024\/09\/beneficios-de-la-depilacion-laser-e1650118888828-1536x941.webp 1536w\" sizes=\"(max-width: 1920px) 100vw, 1920px\" \/><\/a><\/figure><div class=\"elementor-image-box-content\"><h4 class=\"elementor-image-box-title\"><a href=\"https:\/\/natahuertascosmetologist.com\/en\/depilacion-laser\/\" target=\"_blank\">Laser Hair Removal<\/a><\/h4><p class=\"elementor-image-box-description\">Removes unwanted hair effectively and lastingly, ensuring smooth skin, free of irritation and without discomfort, so you can enjoy a perfect epidermis.<\/p><\/div><\/div>\t\t\t\t<\/div>\n\t\t\t\t<div class=\"elementor-element elementor-element-undefined-12436da elementor-widget-tablet__width-initial elementor-widget-mobile__width-inherit elementor-widget__width-initial elementor-position-top elementor-widget elementor-widget-image-box\" data-id=\"undefined-12436da\" data-element_type=\"widget\" data-e-type=\"widget\" data-widget_type=\"image-box.default\">\n\t\t\t\t\t<div class=\"elementor-image-box-wrapper\"><figure class=\"elementor-image-box-img\"><a href=\"https:\/\/natahuertascosmetologist.com\/en\/facial\/\" tabindex=\"-1\"><img decoding=\"async\" width=\"1280\" height=\"853\" src=\"https:\/\/natahuertascosmetologist.com\/wp-content\/uploads\/2024\/09\/woman-8752830_1280.webp\" class=\"elementor-animation-grow attachment-full size-full wp-image-183\" alt=\"\" srcset=\"https:\/\/natahuertascosmetologist.com\/wp-content\/uploads\/2024\/09\/woman-8752830_1280.webp 1280w, https:\/\/natahuertascosmetologist.com\/wp-content\/uploads\/2024\/09\/woman-8752830_1280-500x333.webp 500w, https:\/\/natahuertascosmetologist.com\/wp-content\/uploads\/2024\/09\/woman-8752830_1280-300x200.webp 300w, https:\/\/natahuertascosmetologist.com\/wp-content\/uploads\/2024\/09\/woman-8752830_1280-1024x682.webp 1024w, https:\/\/natahuertascosmetologist.com\/wp-content\/uploads\/2024\/09\/woman-8752830_1280-768x512.webp 768w\" sizes=\"(max-width: 1280px) 100vw, 1280px\" \/><\/a><\/figure><div class=\"elementor-image-box-content\"><h4 class=\"elementor-image-box-title\"><a href=\"https:\/\/natahuertascosmetologist.com\/en\/facial\/\">Facial Treatments<\/a><\/h4><p class=\"elementor-image-box-description\">We offer a wide range of facial treatments, including spot removal, acne and deep cleansing.<\/p><\/div><\/div>\t\t\t\t<\/div>\n\t\t\t\t<div class=\"elementor-element elementor-element-undefined-d64767d elementor-widget-tablet__width-initial elementor-widget-mobile__width-inherit elementor-widget__width-initial elementor-position-top elementor-widget elementor-widget-image-box\" data-id=\"undefined-d64767d\" data-element_type=\"widget\" data-e-type=\"widget\" data-widget_type=\"image-box.default\">\n\t\t\t\t\t<div class=\"elementor-image-box-wrapper\"><figure class=\"elementor-image-box-img\"><a href=\"https:\/\/natahuertascosmetologist.com\/en\/contorno-corporal\/\" tabindex=\"-1\"><img loading=\"lazy\" decoding=\"async\" width=\"1920\" height=\"1280\" src=\"https:\/\/natahuertascosmetologist.com\/wp-content\/uploads\/2024\/09\/cupping-therapy-6604217_1920.webp\" class=\"elementor-animation-grow attachment-full size-full wp-image-115\" alt=\"\" srcset=\"https:\/\/natahuertascosmetologist.com\/wp-content\/uploads\/2024\/09\/cupping-therapy-6604217_1920.webp 1920w, https:\/\/natahuertascosmetologist.com\/wp-content\/uploads\/2024\/09\/cupping-therapy-6604217_1920-500x333.webp 500w, https:\/\/natahuertascosmetologist.com\/wp-content\/uploads\/2024\/09\/cupping-therapy-6604217_1920-300x200.webp 300w, https:\/\/natahuertascosmetologist.com\/wp-content\/uploads\/2024\/09\/cupping-therapy-6604217_1920-1024x683.webp 1024w, https:\/\/natahuertascosmetologist.com\/wp-content\/uploads\/2024\/09\/cupping-therapy-6604217_1920-768x512.webp 768w, https:\/\/natahuertascosmetologist.com\/wp-content\/uploads\/2024\/09\/cupping-therapy-6604217_1920-1536x1024.webp 1536w\" sizes=\"(max-width: 1920px) 100vw, 1920px\" \/><\/a><\/figure><div class=\"elementor-image-box-content\"><h4 class=\"elementor-image-box-title\"><a href=\"https:\/\/natahuertascosmetologist.com\/en\/contorno-corporal\/\">Body Contour<\/a><\/h4><p class=\"elementor-image-box-description\">Transform and define your figure with massages that reduce localized fat and tone the skin.<\/p><\/div><\/div>\t\t\t\t<\/div>\n\t\t\t\t<\/div>\n\t\t<div class=\"elementor-element elementor-element-bfa74ab e-con-full e-flex e-con e-child\" data-id=\"bfa74ab\" data-element_type=\"container\" data-e-type=\"container\">\n\t\t\t\t<div class=\"elementor-element elementor-element-80603bc elementor-widget-tablet__width-initial elementor-widget-mobile__width-inherit elementor-widget__width-initial elementor-position-top elementor-widget elementor-widget-image-box\" data-id=\"80603bc\" data-element_type=\"widget\" data-e-type=\"widget\" data-widget_type=\"image-box.default\">\n\t\t\t\t\t<div class=\"elementor-image-box-wrapper\"><figure class=\"elementor-image-box-img\"><a href=\"https:\/\/library.elementor.com\/local-services-wireframe-1-flexbox\/services\/#service_2\" tabindex=\"-1\"><img loading=\"lazy\" decoding=\"async\" width=\"500\" height=\"400\" src=\"https:\/\/natahuertascosmetologist.com\/wp-content\/uploads\/2024\/10\/04f63101d7f4f93eaed123c62095df13.webp\" class=\"elementor-animation-grow attachment-full size-full wp-image-624\" alt=\"\" srcset=\"https:\/\/natahuertascosmetologist.com\/wp-content\/uploads\/2024\/10\/04f63101d7f4f93eaed123c62095df13.webp 500w, https:\/\/natahuertascosmetologist.com\/wp-content\/uploads\/2024\/10\/04f63101d7f4f93eaed123c62095df13-300x240.webp 300w, https:\/\/natahuertascosmetologist.com\/wp-content\/uploads\/2024\/10\/04f63101d7f4f93eaed123c62095df13-15x12.webp 15w\" sizes=\"(max-width: 500px) 100vw, 500px\" \/><\/a><\/figure><div class=\"elementor-image-box-content\"><h4 class=\"elementor-image-box-title\"><a href=\"https:\/\/library.elementor.com\/local-services-wireframe-1-flexbox\/services\/#service_2\">LINES OF EXPRESSION<br><\/a><\/h4><p class=\"elementor-image-box-description\">Eliminating the expression line is a concept that seeks to soften and rejuvenate the face, achieving a fresher and more natural appearance. This approach focuses on reducing the visibility of wrinkles and expression lines, providing a more relaxed and revitalized appearance.<\/p><\/div><\/div>\t\t\t\t<\/div>\n\t\t\t\t<div class=\"elementor-element elementor-element-0843de5 elementor-widget-tablet__width-initial elementor-widget-mobile__width-inherit elementor-widget__width-initial elementor-position-top elementor-widget elementor-widget-image-box\" data-id=\"0843de5\" data-element_type=\"widget\" data-e-type=\"widget\" data-widget_type=\"image-box.default\">\n\t\t\t\t\t<div class=\"elementor-image-box-wrapper\"><figure class=\"elementor-image-box-img\"><a href=\"https:\/\/natahuertascosmetologist.com\/en\/sauna-infrarojo\/\" tabindex=\"-1\"><img decoding=\"async\" src=\"https:\/\/natahuertascosmetologist.com\/wp-content\/uploads\/elementor\/thumbs\/IMG_7298-e1729693487198-qvzhzbfom15cu59uvcjsymp2x1s9o5e2xysowdinj4.jpg\" title=\"IMG_7298\" alt=\"IMG_7298\" class=\"elementor-animation-grow\" loading=\"lazy\" \/><\/a><\/figure><div class=\"elementor-image-box-content\"><h4 class=\"elementor-image-box-title\"><a href=\"https:\/\/natahuertascosmetologist.com\/en\/sauna-infrarojo\/\">INFRARED SAUNA<\/a><\/h4><p class=\"elementor-image-box-description\">Relax in our cozy infrared sauna, where gentle, comforting heat penetrates your muscles, helping you not only relax, but also feel completely renewed and revitalized. This space has been designed for your comfort and well-being, creating the best atmosphere so you can disconnect from daily stress.<\/p><\/div><\/div>\t\t\t\t<\/div>\n\t\t\t\t<div class=\"elementor-element elementor-element-f8135f0 elementor-widget-tablet__width-initial elementor-widget-mobile__width-inherit elementor-widget__width-initial elementor-position-top elementor-widget elementor-widget-image-box\" data-id=\"f8135f0\" data-element_type=\"widget\" data-e-type=\"widget\" data-widget_type=\"image-box.default\">\n\t\t\t\t\t<div class=\"elementor-image-box-wrapper\"><figure class=\"elementor-image-box-img\"><a href=\"https:\/\/natahuertascosmetologist.com\/en\/exfoliacion-corporal\/\" tabindex=\"-1\"><img decoding=\"async\" src=\"https:\/\/natahuertascosmetologist.com\/wp-content\/uploads\/elementor\/thumbs\/5165ca10-2cd4-4a4c-a1b4-4cd35f2c8695-qw61vmsbtlp56zjwasa9p1moui15en2vn8b4fpeda0.jpg\" title=\"5165ca10-2cd4-4a4c-a1b4-4cd35f2c8695\" alt=\"5165ca10-2cd4-4a4c-a1b4-4cd35f2c8695\" class=\"elementor-animation-grow\" loading=\"lazy\" \/><\/a><\/figure><div class=\"elementor-image-box-content\"><h4 class=\"elementor-image-box-title\"><a href=\"https:\/\/natahuertascosmetologist.com\/en\/exfoliacion-corporal\/\">BODY EXFOLIATION<\/a><\/h4><p class=\"elementor-image-box-description\">Revive your skin with our body scrub. Gently removes dead cells and toxins, leaving your skin radiant and soft to the touch. Enjoy an experience of well-being and renewal with this treatment that will make you feel fresh and rejuvenated.<\/p><\/div><\/div>\t\t\t\t<\/div>\n\t\t\t\t<\/div>\n\t\t\t\t<div class=\"elementor-element elementor-element-undefined-8e0b901 elementor-align-right elementor-invisible elementor-widget elementor-widget-button\" data-id=\"undefined-8e0b901\" data-element_type=\"widget\" data-e-type=\"widget\" data-settings=\"{&quot;motion_fx_mouseTrack_effect&quot;:&quot;yes&quot;,&quot;motion_fx_mouseTrack_direction&quot;:&quot;negative&quot;,&quot;_animation&quot;:&quot;fadeInLeft&quot;,&quot;motion_fx_motion_fx_mouse&quot;:&quot;yes&quot;,&quot;motion_fx_mouseTrack_speed&quot;:{&quot;unit&quot;:&quot;px&quot;,&quot;size&quot;:1,&quot;sizes&quot;:[]}}\" data-widget_type=\"button.default\">\n\t\t\t\t\t\t\t\t\t\t<a class=\"elementor-button elementor-button-link elementor-size-sm elementor-animation-grow\" href=\"https:\/\/natahuertascosmetologist.com\/en\/reservas\/\" target=\"_blank\">\n\t\t\t\t\t\t<span class=\"elementor-button-content-wrapper\">\n\t\t\t\t\t\t\t\t\t<span class=\"elementor-button-text\">BOOK YOUR APPOINTMENT<\/span>\n\t\t\t\t\t<\/span>\n\t\t\t\t\t<\/a>\n\t\t\t\t\t\t\t\t<\/div>\n\t\t\t\t\t<\/div>\n\t\t\t\t<\/div>\n\t\t<div class=\"elementor-element elementor-element-6254383 e-con-full e-flex e-con e-parent\" data-id=\"6254383\" data-element_type=\"container\" data-e-type=\"container\" data-settings=\"{&quot;background_background&quot;:&quot;classic&quot;}\">\n\t\t\t\t<div class=\"elementor-element elementor-element-4d8b9fc elementor-invisible elementor-widget elementor-widget-heading\" data-id=\"4d8b9fc\" data-element_type=\"widget\" data-e-type=\"widget\" data-settings=\"{&quot;_animation&quot;:&quot;fadeInLeft&quot;}\" data-widget_type=\"heading.default\">\n\t\t\t\t\t<h2 class=\"elementor-heading-title elementor-size-default\">Social media posts<\/h2>\t\t\t\t<\/div>\n\t\t\t\t<div class=\"elementor-element elementor-element-0f783a9 elementor-invisible elementor-widget elementor-widget-text-editor\" data-id=\"0f783a9\" data-element_type=\"widget\" data-e-type=\"widget\" data-settings=\"{&quot;_animation&quot;:&quot;bounce&quot;}\" data-widget_type=\"text-editor.default\">\n\t\t\t\t\t\t\t\t\t<p>This gallery shows the latest images from your social posts.<\/p>\t\t\t\t\t\t\t\t<\/div>\n\t\t\t\t<div class=\"elementor-element elementor-element-b6cbf09 elementor-skin-carousel elementor-widget elementor-widget-media-carousel\" data-id=\"b6cbf09\" data-element_type=\"widget\" data-e-type=\"widget\" data-settings=\"{&quot;slides_per_view&quot;:&quot;5&quot;,&quot;slides_to_scroll&quot;:&quot;1&quot;,&quot;space_between&quot;:{&quot;unit&quot;:&quot;px&quot;,&quot;size&quot;:31,&quot;sizes&quot;:[]},&quot;slides_per_view_tablet&quot;:&quot;4&quot;,&quot;slides_per_view_mobile&quot;:&quot;2&quot;,&quot;skin&quot;:&quot;carousel&quot;,&quot;effect&quot;:&quot;slide&quot;,&quot;speed&quot;:500,&quot;autoplay&quot;:&quot;yes&quot;,&quot;autoplay_speed&quot;:5000,&quot;loop&quot;:&quot;yes&quot;,&quot;pause_on_hover&quot;:&quot;yes&quot;,&quot;pause_on_interaction&quot;:&quot;yes&quot;,&quot;space_between_tablet&quot;:{&quot;unit&quot;:&quot;px&quot;,&quot;size&quot;:10,&quot;sizes&quot;:[]},&quot;space_between_mobile&quot;:{&quot;unit&quot;:&quot;px&quot;,&quot;size&quot;:10,&quot;sizes&quot;:[]}}\" data-widget_type=\"media-carousel.default\">\n\t\t\t\t\t\t\t\t\t\t<div class=\"elementor-main-swiper swiper\" role=\"region\" aria-roledescription=\"carousel\" aria-label=\"Diapositivas\">\n\t\t\t\t<div class=\"swiper-wrapper\">\n\t\t\t\t\t\t\t\t\t\t\t<div class=\"swiper-slide\" role=\"group\" aria-roledescription=\"slide\">\n\t\t\t\t\t\t\t\t\t<div class=\"elementor-carousel-image\" role=\"img\" aria-label=\"Article-img_3-13122021-1.jpg\" style=\"background-image: url(&#039;https:\/\/natahuertascosmetologist.com\/wp-content\/uploads\/2024\/10\/Article-img_3-13122021-1.jpg&#039;)\">\n\n\t\t\t\n\t\t\t\t\t<\/div>\n\t\t\t\t\t\t\t\t<\/div>\n\t\t\t\t\t\t\t\t\t\t\t<div class=\"swiper-slide\" role=\"group\" aria-roledescription=\"slide\">\n\t\t\t\t\t\t\t\t\t<div class=\"elementor-carousel-image\" role=\"img\" aria-label=\"Article-img_3-13122021-1.jpg\" style=\"background-image: url(&#039;https:\/\/natahuertascosmetologist.com\/wp-content\/uploads\/2024\/10\/Article-img_3-13122021-1.jpg&#039;)\">\n\n\t\t\t\n\t\t\t\t\t<\/div>\n\t\t\t\t\t\t\t\t<\/div>\n\t\t\t\t\t\t\t\t\t\t\t<div class=\"swiper-slide\" role=\"group\" aria-roledescription=\"slide\">\n\t\t\t\t\t\t\t\t\t<div class=\"elementor-carousel-image\" role=\"img\" aria-label=\"Article-img_3-13122021-1.jpg\" style=\"background-image: url(&#039;https:\/\/natahuertascosmetologist.com\/wp-content\/uploads\/2024\/10\/Article-img_3-13122021-1.jpg&#039;)\">\n\n\t\t\t\n\t\t\t\t\t<\/div>\n\t\t\t\t\t\t\t\t<\/div>\n\t\t\t\t\t\t\t\t\t\t\t<div class=\"swiper-slide\" role=\"group\" aria-roledescription=\"slide\">\n\t\t\t\t\t\t\t\t\t<div class=\"elementor-carousel-image\" role=\"img\" aria-label=\"Article-img_3-13122021-1.jpg\" style=\"background-image: url(&#039;https:\/\/natahuertascosmetologist.com\/wp-content\/uploads\/2024\/10\/Article-img_3-13122021-1.jpg&#039;)\">\n\n\t\t\t\n\t\t\t\t\t<\/div>\n\t\t\t\t\t\t\t\t<\/div>\n\t\t\t\t\t\t\t\t\t\t\t<div class=\"swiper-slide\" role=\"group\" aria-roledescription=\"slide\">\n\t\t\t\t\t\t\t\t\t<div class=\"elementor-carousel-image\" role=\"img\" aria-label=\"Article-img_3-13122021-1.jpg\" style=\"background-image: url(&#039;https:\/\/natahuertascosmetologist.com\/wp-content\/uploads\/2024\/10\/Article-img_3-13122021-1.jpg&#039;)\">\n\n\t\t\t\n\t\t\t\t\t<\/div>\n\t\t\t\t\t\t\t\t<\/div>\n\t\t\t\t\t\t\t\t\t\t\t<div class=\"swiper-slide\" role=\"group\" aria-roledescription=\"slide\">\n\t\t\t\t\t\t\t\t\t<div class=\"elementor-carousel-image\" role=\"img\" aria-label=\"Article-img_3-13122021-1.jpg\" style=\"background-image: url(&#039;https:\/\/natahuertascosmetologist.com\/wp-content\/uploads\/2024\/10\/Article-img_3-13122021-1.jpg&#039;)\">\n\n\t\t\t\n\t\t\t\t\t<\/div>\n\t\t\t\t\t\t\t\t<\/div>\n\t\t\t\t\t\t\t\t\t<\/div>\n\t\t\t\t\t\t\t\t\t\t\t\t\t\t\t\t\t\t\t\t\t<\/div>\n\t\t\t\t\t\t\t\t<\/div>\n\t\t\t\t<\/div>\n\t\t\t\t<\/div>","protected":false},"excerpt":{"rendered":"<p>https:\/\/natahuertascosmetologist.com\/wp-content\/uploads\/2024\/10\/RESERVA-AHORA.mp4 Bienvenido a nuestro Spa Tratamientos de alta profesionalidad garantizados. Bienvenido a nuestro oasis de tranquilidad, donde cada detalle est\u00e1 dise\u00f1ado para tu relajaci\u00f3n y bienestar. Ofrecemos una variedad de tratamientos personalizados que nutren el cuerpo y el alma. Sum\u00e9rgete en un ambiente placentero, ideal para desconectarte del estr\u00e9s diario y revitalizarte. Aqu\u00ed, cada visita [&hellip;]<\/p>\n","protected":false},"author":1,"featured_media":0,"parent":0,"menu_order":0,"comment_status":"closed","ping_status":"closed","template":"","meta":{"footnotes":""},"class_list":["post-13","page","type-page","status-publish","hentry"],"_links":{"self":[{"href":"https:\/\/natahuertascosmetologist.com\/en\/wp-json\/wp\/v2\/pages\/13","targetHints":{"allow":["GET"]}}],"collection":[{"href":"https:\/\/natahuertascosmetologist.com\/en\/wp-json\/wp\/v2\/pages"}],"about":[{"href":"https:\/\/natahuertascosmetologist.com\/en\/wp-json\/wp\/v2\/types\/page"}],"author":[{"embeddable":true,"href":"https:\/\/natahuertascosmetologist.com\/en\/wp-json\/wp\/v2\/users\/1"}],"replies":[{"embeddable":true,"href":"https:\/\/natahuertascosmetologist.com\/en\/wp-json\/wp\/v2\/comments?post=13"}],"version-history":[{"count":295,"href":"https:\/\/natahuertascosmetologist.com\/en\/wp-json\/wp\/v2\/pages\/13\/revisions"}],"predecessor-version":[{"id":2872,"href":"https:\/\/natahuertascosmetologist.com\/en\/wp-json\/wp\/v2\/pages\/13\/revisions\/2872"}],"wp:attachment":[{"href":"https:\/\/natahuertascosmetologist.com\/en\/wp-json\/wp\/v2\/media?parent=13"}],"curies":[{"name":"wp","href":"https:\/\/api.w.org\/{rel}","templated":true}]}}