{"id":16,"date":"2024-09-28T13:07:56","date_gmt":"2024-09-28T13:07:56","guid":{"rendered":"https:\/\/natahuertascosmetologist.com\/?page_id=16"},"modified":"2024-11-12T11:26:14","modified_gmt":"2024-11-12T11:26:14","slug":"contorno-corporal-2","status":"publish","type":"page","link":"https:\/\/natahuertascosmetologist.com\/en\/contorno-corporal-2\/","title":{"rendered":"MASSAGES"},"content":{"rendered":"<div data-elementor-type=\"wp-page\" data-elementor-id=\"16\" class=\"elementor elementor-16\" data-elementor-post-type=\"page\">\n\t\t\t\t<div class=\"elementor-element elementor-element-undefined-6c61e58 e-flex e-con-boxed e-con e-parent\" data-id=\"undefined-6c61e58\" data-element_type=\"container\" data-e-type=\"container\" data-settings=\"{&quot;background_background&quot;:&quot;classic&quot;}\">\n\t\t\t\t\t<div class=\"e-con-inner\">\n\t\t<div class=\"elementor-element elementor-element-undefined-414d2c5 e-con-full e-flex e-con e-child\" data-id=\"undefined-414d2c5\" data-element_type=\"container\" data-e-type=\"container\">\n\t\t\t\t<div class=\"elementor-element elementor-element-3d9e2a5 elementor-widget elementor-widget-video\" data-id=\"3d9e2a5\" data-element_type=\"widget\" data-e-type=\"widget\" data-settings=\"{&quot;video_type&quot;:&quot;hosted&quot;,&quot;autoplay&quot;:&quot;yes&quot;,&quot;play_on_mobile&quot;:&quot;yes&quot;,&quot;loop&quot;:&quot;yes&quot;}\" data-widget_type=\"video.default\">\n\t\t\t\t\t\t\t<div class=\"e-hosted-video elementor-wrapper elementor-open-inline\">\n\t\t\t\t\t<video class=\"elementor-video\" src=\"https:\/\/natahuertascosmetologist.com\/wp-content\/uploads\/2024\/11\/5786191_Coll_wavebreak_Adult_1280x720.mp4\" autoplay=\"\" loop=\"\" playsinline=\"\" controlslist=\"nodownload\"><\/video>\n\t\t\t\t<\/div>\n\t\t\t\t\t\t<\/div>\n\t\t\t\t<\/div>\n\t\t<div class=\"elementor-element elementor-element-undefined-13a6b57 e-con-full e-flex e-con e-child\" data-id=\"undefined-13a6b57\" data-element_type=\"container\" data-e-type=\"container\">\n\t\t\t\t<div class=\"elementor-element elementor-element-undefined-f04a88f elementor-widget elementor-widget-heading\" data-id=\"undefined-f04a88f\" data-element_type=\"widget\" data-e-type=\"widget\" data-widget_type=\"heading.default\">\n\t\t\t\t\t<h5 class=\"elementor-heading-title elementor-size-default\">Experimenta la tranquilidad<\/h5>\t\t\t\t<\/div>\n\t\t\t\t<div class=\"elementor-element elementor-element-undefined-9b01c6b elementor-widget elementor-widget-heading\" data-id=\"undefined-9b01c6b\" data-element_type=\"widget\" data-e-type=\"widget\" data-widget_type=\"heading.default\">\n\t\t\t\t\t<h2 class=\"elementor-heading-title elementor-size-default\">Descubra nuestros diversos servicios de masajes rejuvenecedores y reductores <\/h2>\t\t\t\t<\/div>\n\t\t\t\t<div class=\"elementor-element elementor-element-undefined-323f608 elementor-widget elementor-widget-text-editor\" data-id=\"undefined-323f608\" data-element_type=\"widget\" data-e-type=\"widget\" data-widget_type=\"text-editor.default\">\n\t\t\t\t\t\t\t\t\t<p>Sum\u00e9rgete en una experiencia de relajaci\u00f3n y bienestar con nuestra amplia gama de masajes. Disfruta de la mejor calidad y las t\u00e9cnicas m\u00e1s efectivas para lograr el equilibrio perfecto entre cuerpo y mente.<\/p>\t\t\t\t\t\t\t\t<\/div>\n\t\t\t\t<div class=\"elementor-element elementor-element-undefined-3390493 elementor-widget__width-initial elementor-align-center elementor-widget elementor-widget-button\" data-id=\"undefined-3390493\" data-element_type=\"widget\" data-e-type=\"widget\" data-widget_type=\"button.default\">\n\t\t\t\t\t\t\t\t\t\t<a class=\"elementor-button elementor-button-link elementor-size-sm\" href=\"https:\/\/natahuertascosmetologist.com\/en\/reservas\/\">\n\t\t\t\t\t\t<span class=\"elementor-button-content-wrapper\">\n\t\t\t\t\t\t\t\t\t<span class=\"elementor-button-text\">BOOK NOW <\/span>\n\t\t\t\t\t<\/span>\n\t\t\t\t\t<\/a>\n\t\t\t\t\t\t\t\t<\/div>\n\t\t\t\t<\/div>\n\t\t\t\t\t<\/div>\n\t\t\t\t<\/div>\n\t\t\t\t<\/div>","protected":false},"excerpt":{"rendered":"<p>https:\/\/natahuertascosmetologist.com\/wp-content\/uploads\/2024\/11\/5786191_Coll_wavebreak_Adult_1280x720.mp4 Experimenta la tranquilidad Descubra nuestros diversos servicios de masajes rejuvenecedores y reductores Sum\u00e9rgete en una experiencia de relajaci\u00f3n y bienestar con nuestra amplia gama de masajes. Disfruta de la mejor calidad y las t\u00e9cnicas m\u00e1s efectivas para lograr el equilibrio perfecto entre cuerpo y mente. RESERVA AHORA<\/p>","protected":false},"author":1,"featured_media":0,"parent":0,"menu_order":0,"comment_status":"closed","ping_status":"closed","template":"","meta":{"footnotes":""},"class_list":["post-16","page","type-page","status-publish","hentry"],"_links":{"self":[{"href":"https:\/\/natahuertascosmetologist.com\/en\/wp-json\/wp\/v2\/pages\/16","targetHints":{"allow":["GET"]}}],"collection":[{"href":"https:\/\/natahuertascosmetologist.com\/en\/wp-json\/wp\/v2\/pages"}],"about":[{"href":"https:\/\/natahuertascosmetologist.com\/en\/wp-json\/wp\/v2\/types\/page"}],"author":[{"embeddable":true,"href":"https:\/\/natahuertascosmetologist.com\/en\/wp-json\/wp\/v2\/users\/1"}],"replies":[{"embeddable":true,"href":"https:\/\/natahuertascosmetologist.com\/en\/wp-json\/wp\/v2\/comments?post=16"}],"version-history":[{"count":14,"href":"https:\/\/natahuertascosmetologist.com\/en\/wp-json\/wp\/v2\/pages\/16\/revisions"}],"predecessor-version":[{"id":2421,"href":"https:\/\/natahuertascosmetologist.com\/en\/wp-json\/wp\/v2\/pages\/16\/revisions\/2421"}],"wp:attachment":[{"href":"https:\/\/natahuertascosmetologist.com\/en\/wp-json\/wp\/v2\/media?parent=16"}],"curies":[{"name":"wp","href":"https:\/\/api.w.org\/{rel}","templated":true}]}}